{"id":59,"date":"2025-04-17T11:24:34","date_gmt":"2025-04-17T11:24:34","guid":{"rendered":"https:\/\/szkoleniapoplawska.pl\/?page_id=59"},"modified":"2025-04-18T10:46:30","modified_gmt":"2025-04-18T10:46:30","slug":"szkolenia-z-obslugi-urzadzen","status":"publish","type":"page","link":"https:\/\/szkoleniapoplawska.pl\/?page_id=59","title":{"rendered":"Szkolenia z obs\u0142ugi urz\u0105dze\u0144"},"content":{"rendered":"\n<p>\u200bOferujemy profesjonalne szkolenia z obs\u0142ugi specjalistycznych urz\u0105dze\u0144 kosmetycznych, takich jak lasery diodowe, urz\u0105dzenia do mezoterapii mikroig\u0142owej oraz peelingu kawitacyjnego. Szkolenia prowadzone s\u0105 indywidualnie, co pozwala na zapewnia komfortow\u0105 atmosfer\u0119 nauki i wysok\u0105 skuteczno\u015b\u0107.<\/p>\n\n\n\n<ul class=\"wp-block-list\">\n<li>Kursy i szkolenia s\u0105 w trybie dziennym jak i weekendowym odbywaj\u0105 si\u0119 wy\u0142\u0105cznie indywidualnie<\/li>\n\n\n\n<li>G\u0142\u00f3wna lokalizacja to Salon w Warszawie.<\/li>\n\n\n\n<li>Istnieje mo\u017cliwo\u015b\u0107&nbsp; przeprowadzenia szkolenia w Pa\u0144stwa gabinecie na terenie Polski po wcze\u015bniejszym uzgodnieniu.<\/li>\n<\/ul>\n\n\n\n<p><\/p>\n\n\n\n<figure class=\"wp-block-image size-full\"><img loading=\"lazy\" decoding=\"async\" width=\"784\" height=\"657\" src=\"https:\/\/szkoleniapoplawska.pl\/wp-content\/uploads\/2025\/04\/szkoelnia.jpg\" alt=\"\" class=\"wp-image-70\" srcset=\"https:\/\/szkoleniapoplawska.pl\/wp-content\/uploads\/2025\/04\/szkoelnia.jpg 784w, https:\/\/szkoleniapoplawska.pl\/wp-content\/uploads\/2025\/04\/szkoelnia-300x251.jpg 300w, https:\/\/szkoleniapoplawska.pl\/wp-content\/uploads\/2025\/04\/szkoelnia-768x644.jpg 768w\" sizes=\"auto, (max-width: 784px) 100vw, 784px\" \/><\/figure>\n","protected":false},"excerpt":{"rendered":"<p>\u200bOferujemy profesjonalne szkolenia z obs\u0142ugi specjalistycznych urz\u0105dze\u0144 kosmetycznych, takich jak lasery diodowe, urz\u0105dzenia do mezoterapii mikroig\u0142owej oraz peelingu kawitacyjnego. Szkolenia prowadzone s\u0105 indywidualnie, co pozwala na zapewnia komfortow\u0105 atmosfer\u0119 nauki i wysok\u0105 skuteczno\u015b\u0107.<\/p>\n","protected":false},"author":1,"featured_media":21,"parent":0,"menu_order":0,"comment_status":"closed","ping_status":"closed","template":"","meta":{"footnotes":""},"class_list":["post-59","page","type-page","status-publish","has-post-thumbnail","hentry"],"_links":{"self":[{"href":"https:\/\/szkoleniapoplawska.pl\/index.php?rest_route=\/wp\/v2\/pages\/59","targetHints":{"allow":["GET"]}}],"collection":[{"href":"https:\/\/szkoleniapoplawska.pl\/index.php?rest_route=\/wp\/v2\/pages"}],"about":[{"href":"https:\/\/szkoleniapoplawska.pl\/index.php?rest_route=\/wp\/v2\/types\/page"}],"author":[{"embeddable":true,"href":"https:\/\/szkoleniapoplawska.pl\/index.php?rest_route=\/wp\/v2\/users\/1"}],"replies":[{"embeddable":true,"href":"https:\/\/szkoleniapoplawska.pl\/index.php?rest_route=%2Fwp%2Fv2%2Fcomments&post=59"}],"version-history":[{"count":3,"href":"https:\/\/szkoleniapoplawska.pl\/index.php?rest_route=\/wp\/v2\/pages\/59\/revisions"}],"predecessor-version":[{"id":131,"href":"https:\/\/szkoleniapoplawska.pl\/index.php?rest_route=\/wp\/v2\/pages\/59\/revisions\/131"}],"wp:featuredmedia":[{"embeddable":true,"href":"https:\/\/szkoleniapoplawska.pl\/index.php?rest_route=\/wp\/v2\/media\/21"}],"wp:attachment":[{"href":"https:\/\/szkoleniapoplawska.pl\/index.php?rest_route=%2Fwp%2Fv2%2Fmedia&parent=59"}],"curies":[{"name":"wp","href":"https:\/\/api.w.org\/{rel}","templated":true}]}}