{"id":7,"date":"2025-04-16T09:27:17","date_gmt":"2025-04-16T09:27:17","guid":{"rendered":"https:\/\/szkoleniapoplawska.pl\/?page_id=7"},"modified":"2025-05-19T12:41:13","modified_gmt":"2025-05-19T12:41:13","slug":"mesmerize","status":"publish","type":"page","link":"https:\/\/szkoleniapoplawska.pl\/","title":{"rendered":"Front Page"},"content":{"rendered":"<div  data-label=\"About\" data-id=\"about--1\" data-export-id=\"about-1\" data-category=\"about\" class=\"about-1 content-section\" id=\"about-1\" style=\"background-color: rgb(255, 255, 255);\"><div  class=\"gridContainer\"> <div  class=\"row text-center\"><div  class=\"section-title-col\" data-type=\"column\">   <p  class=\"lead\">Nazywam si\u0119 Joanna Pop\u0142awska jestem dyplomowanym kosmetologiem, instruktorem MEN z wieloletnim do\u015bwiadczeniem zawodowym. Studentka WUM na kierunku po\u0142o\u017cnictwo. Zapraszam Ci\u0119 do zapoznania si\u0119 z ofert\u0105 zabieg\u00f3w z zakresu ginekologii estetycznej. Wasze dobre samopoczucie , zdrowie jest dla mnie najwa\u017cniejsze . Zadbaj o siebie ju\u017c dzi\u015b . Przeprowadzam szkolenia z kosmetologii estetycznej z 10 letnim sta\u017cem jak r\u00f3wnie\u017c             z urz\u0105dze\u0144 zar\u00f3wno kosmetycznych                        i medycznych ciesz\u0105cych si\u0119 du\u017cym zaufaniem w\u015br\u00f3d klient\u00f3w.  W mojej pracy dok\u0142adam wszelkich stara\u0144, by przygotowywana oferta         w 100% spe\u0142nia\u0142a oczekiwania klienta.    Rekomenduj\u0119 tylko bezpieczne i skuteczne produkty gwarantuj\u0105c przy tym profesjonalne szkolenia . \n<br ><br >Masz pytania? Nie znalaz\u0142e\u015b na stronie tego co szuka\u0142a\u015b\/e\u015b skontaktuj si\u0119 ze mn\u0105.\n<br >Przygotuj\u0119 indywidualn\u0105 ofert\u0119 !&nbsp;<\/p><\/div> <\/div> <div  class=\"row\"> <div  class=\"button-holder space-bottom space-bottom-small\" data-type=\"column\"> <\/div> <div  class=\"col-xs bottom-xs flexbox image-group-bottom-3-img space-bottom-xs center-xs\"> <img  decoding=\"async\" class=\"left-img shadow-large-black\" data-size=\"500x300\" src=\"https:\/\/szkoleniapoplawska.pl\/wp-content\/uploads\/2025\/04\/cropped-1-6.jpg\" title=\"cropped-1-6.jpg\" alt=\"\"> <img  decoding=\"async\" class=\"center-img shadow-large-black\" data-size=\"500x300\" src=\"https:\/\/szkoleniapoplawska.pl\/wp-content\/uploads\/2025\/04\/cropped-1-5.jpg\" title=\"cropped-1-5.jpg\" alt=\"\"> <img  decoding=\"async\" class=\"right-img shadow-large-black\" data-size=\"500x300\" src=\"https:\/\/szkoleniapoplawska.pl\/wp-content\/uploads\/2025\/04\/cropped-1-3.jpg\" title=\"cropped-1-3.jpg\" alt=\"\"><\/div> <\/div><\/div> <\/div><div  id=\"oferta\" style=\"background-color: #ffffff;\" data-label=\"Oferta\" data-id=\"features-12-card-bordered\" data-export-id=\"features-12-card-bordered\" data-category=\"features\" class=\"features-12-card-bordered content-section content-section-spacing \"><div  class=\"gridContainer\"> <div  class=\"row text-center\"><div  class=\"section-title-col\" data-type=\"column\"> <h2  class=\"\">Oferta<\/h2> <p  class=\"lead\"><\/p><\/div> <\/div> <div  class=\"row spaced-cols\" data-type=\"row\"> <div  class=\"col-sm-6 col-md-4 \"> <div  class=\"card row-card bordered y-move\"> <div  class=\"row\"> <div  class=\"col-sm-fit icon-column\"> <a  data-cp-link=\"1\" href=\"https:\/\/szkoleniapoplawska.pl?page_id=59\" target=\"_self\"><i  class=\"fa icon color2 fa-connectdevelop bordered round\"><\/i><\/a> <\/div> <div  class=\"col-sm\" data-type=\"column\"> <h5  class=\"color2\">SZKOLENIA Z URZ\u0104DZE\u0143<\/h5> <p  class=\"\">Oferuj\u0119 profesjonalne szkolenia z obs\u0142ugi urz\u0105dze\u0144 kosmetycznych, dostosowane do poziomu uczestnik\u00f3w.&nbsp;<\/p><\/div> <\/div><\/div> <\/div>  <div  class=\"col-sm-6 col-md-4 \"> <div  class=\"card row-card bordered y-move\"> <div  class=\"row\"> <div  class=\"col-sm-fit icon-column\"> <a  data-cp-link=\"1\" href=\"https:\/\/szkoleniapoplawska.pl?page_id=72\" target=\"_self\"><i  class=\"fa icon color2 fa-cube bordered round\"><\/i><\/a> <\/div> <div  class=\"col-sm\" data-type=\"column\"> <h5  class=\"color2\">MEDYCYNA ESTETYCZNA<\/h5> <p  class=\"\">Prowadz\u0119 specjalistyczne szkolenia z zakresu medycyny estetycznej, obejmuj\u0105ce teori\u0119 oraz praktyczne zastosowanie nowoczesnych technologii. <\/p><\/div> <\/div><\/div> <\/div> <div  class=\"col-sm-6 col-md-4 \"> <div  class=\"card row-card bordered y-move\"> <div  class=\"row\"> <div  class=\"col-sm-fit icon-column\"> <a  data-cp-link=\"1\" href=\"https:\/\/szkoleniapoplawska.pl?page_id=79\" target=\"_self\"><i  class=\"fa icon color2 fa-database bordered round\"><\/i><\/a> <\/div> <div  class=\"col-sm\" data-type=\"column\"> <h5  class=\"color2\">GINEKOLOGIA<\/h5> <p  class=\"\">Specjalistyczne szkolenia z zakresu ginekologii s\u0105 nam r\u00f3wnie\u017c bliskie.&nbsp; &nbsp;Nie boj\u0119 si\u0119 trudnych temat\u00f3w.<\/p><\/div> <\/div><\/div> <\/div><\/div> <\/div><\/div><div  id=\"overlappable-4\" style=\"background-color: #ffffff;\" data-label=\"Overlappable\" data-id=\"overlappable-4\" data-export-id=\"overlappable-4\" data-category=\"overlappable\" class=\"overlappable-4 content-section content-section-spacing\" data-overlap=\"true\"><div  class=\"gridContainer\"> <div  data-type=\"row\" class=\"row spaced-cols text-center\"><div  class=\"col-xs-12 col-sm-4 col-padding\"> <i  class=\"fa icon fa-clone large shadow-large-black round aligncenter reverse color1\"><\/i> <div  data-type=\"column\" class=\"\"> <h5  class=\"\">WIEDZA<\/h5> <p  class=\"\">Absolwentka studium<\/p><\/div> <\/div> <div  class=\"col-xs-12 col-sm-4 col-padding\"> <i  class=\"fa icon fa-cogs large shadow-large-black round aligncenter reverse color1\"><\/i> <div  data-type=\"column\" class=\"\"><h5  class=\"\">UMIEJ\u0118TNO\u015aCI<\/h5> <p  class=\"\">Praktyki w szpitalu<\/p><\/div> <\/div> <div  class=\"col-xs-12 col-sm-4 col-padding\"> <i  class=\"fa icon fa-magic large shadow-large-black round aligncenter reverse color1\"><\/i> <div  data-type=\"column\" class=\"\"><h5  class=\"\">DO\u015aWIADCZENIE<\/h5> <p  class=\"\">W\u0142asny gabinet<\/p><\/div> <\/div><\/div> <\/div><\/div><div  id=\"portfolio-3\" style=\"background-color: #f5fafd;\" data-label=\"Portfolio\" data-id=\"portfolio-4\" data-export-id=\"portfolio-4\" data-category=\"portfolio\" class=\"portfolio-4 content-section content-section-spacing-top\"><div  class=\"\"> <div  class=\"row text-center\"><div  class=\"section-title-col\" data-type=\"column\"> <h2  class=\"\">Portfolio<\/h2> <p  class=\"lead\">Oferuj\u0119 szeroki zakres szkole\u0144 z zakresu kosmetologii, skierowanych do kosmetyczek oraz kosmetolo\u017cek. Zaj\u0119cia prowadz\u0119 w kameralnych, ma\u0142ych grupach, co pozwala na indywidualne podej\u015bcie i lepsze przyswajanie wiedzy. Istnieje r\u00f3wnie\u017c mo\u017cliwo\u015b\u0107 zorganizowania szkolenia bezpo\u015brednio w gabinecie kosmetycznym uczestnik\u00f3w.<br ><br >Ka\u017cde szkolenie ko\u0144czy si\u0119 uzyskaniem certyfikatu potwierdzonego wpisem do Mi\u0119dzynarodowej bazy ESTHODROME, dost\u0119pnej pod adresem: https:\/\/esthodrome.com.<br ><br >Zapraszam serdecznie na szkolenia \u2013 r\u00f3wnie\u017c z dofinansowaniem z Urz\u0119du Pracy. Wystawiam certyfikaty mi\u0119dzynarodowe, a moja dzia\u0142alno\u015b\u0107 widnieje w Rejestrze Instytucji Szkoleniowych pod numerem: 2.14\/00174\/2022.<\/p><\/div> <\/div> <div  data-type=\"row\" class=\"row\" data-fixed=\"true\"> <div  class=\"col-xs-12 col-sm-3 no-gutter-col\"> <div  class=\"contentswap-effect\" data-hover-fx=\"portfolio-4\"> <div  class=\"initial-image\"> <img  decoding=\"async\" data-size=\"542x360\" src=\"https:\/\/szkoleniapoplawska.pl\/wp-content\/uploads\/2025\/04\/1-5.jpg\"><\/div> <div  class=\"overlay bg-color1\"><\/div> <div  class=\"swap-inner col-xs-12\"> <div  class=\"row full-height-row middle-xs middle-sm\"> <div  class=\"col-xs-12 text-center content-holder\"> <a  href=\"https:\/\/szkoleniapoplawska.pl\/wp-content\/uploads\/2025\/04\/usta2.jpg\" target=\"_blank\" class=\"\"><i  class=\"fa icon portfolio-icon fa-search big\" aria-hidden=\"true\"><\/i><\/a><\/div> <\/div><\/div> <\/div><\/div> <div  class=\"col-xs-12 col-sm-3 no-gutter-col\"><div  class=\"contentswap-effect\" data-hover-fx=\"portfolio-4\"> <div  class=\"initial-image\"> <img  decoding=\"async\" data-size=\"542x360\" src=\"https:\/\/szkoleniapoplawska.pl\/wp-content\/uploads\/2025\/04\/szl.jpg\"><\/div> <div  class=\"overlay bg-color1\"><\/div> <div  class=\"swap-inner col-xs-12\"> <div  class=\"row full-height-row middle-xs middle-sm\"> <div  class=\"col-xs-12 text-center content-holder\"> <a  href=\"https:\/\/szkoleniapoplawska.pl\/wp-content\/uploads\/2025\/04\/szl.jpg\" target=\"_blank\" class=\"\"><i  class=\"fa icon portfolio-icon fa-search big\" aria-hidden=\"true\"><\/i><\/a><\/div> <\/div><\/div> <\/div><\/div> <div  class=\"col-xs-12 col-sm-3 no-gutter-col\"><div  class=\"contentswap-effect\" data-hover-fx=\"portfolio-4\"> <div  class=\"initial-image\"> <img  decoding=\"async\" data-size=\"542x360\" src=\"https:\/\/szkoleniapoplawska.pl\/wp-content\/uploads\/2025\/04\/szkol.jpg\"><\/div> <div  class=\"overlay bg-color1\"><\/div> <div  class=\"swap-inner col-xs-12\"> <div  class=\"row full-height-row middle-xs middle-sm\"> <div  class=\"col-xs-12 text-center content-holder\"> <a  href=\"https:\/\/szkoleniapoplawska.pl\/wp-content\/uploads\/2025\/04\/szkol.jpg\" target=\"_blank\" class=\"\"><i  class=\"fa icon portfolio-icon fa-search big\" aria-hidden=\"true\"><\/i><\/a><\/div> <\/div><\/div> <\/div><\/div> <div  class=\"col-xs-12 col-sm-3 no-gutter-col\"><div  class=\"contentswap-effect\" data-hover-fx=\"portfolio-4\"> <div  class=\"initial-image\"> <img  decoding=\"async\" data-size=\"542x360\" src=\"https:\/\/szkoleniapoplawska.pl\/wp-content\/uploads\/2025\/04\/kurs.jpg\"><\/div> <div  class=\"overlay bg-color1\"><\/div> <div  class=\"swap-inner col-xs-12\"> <div  class=\"row full-height-row middle-xs middle-sm\"> <div  class=\"col-xs-12 text-center content-holder\"> <a  href=\"https:\/\/szkoleniapoplawska.pl\/wp-content\/uploads\/2025\/04\/kurs.jpg\" target=\"_blank\" class=\"\"><i  class=\"fa icon portfolio-icon fa-search big\" aria-hidden=\"true\"><\/i><\/a><\/div> <\/div><\/div> <\/div><\/div> <div  class=\"col-xs-12 col-sm-3 no-gutter-col\"><div  class=\"contentswap-effect\" data-hover-fx=\"portfolio-4\"> <div  class=\"initial-image\"> <img  decoding=\"async\" data-size=\"542x360\" src=\"https:\/\/szkoleniapoplawska.pl\/wp-content\/uploads\/2025\/04\/nicis.jpg\"><\/div> <div  class=\"overlay bg-color1\"><\/div> <div  class=\"swap-inner col-xs-12\"> <div  class=\"row full-height-row middle-xs middle-sm\"> <div  class=\"col-xs-12 text-center content-holder\"> <a  href=\"#\" target=\"_self\"><i  class=\"fa icon portfolio-icon fa-search big\" aria-hidden=\"true\"><\/i><\/a><\/div> <\/div><\/div> <\/div><\/div> <div  class=\"col-xs-12 col-sm-3 no-gutter-col\"><div  class=\"contentswap-effect\" data-hover-fx=\"portfolio-4\"> <div  class=\"initial-image\"> <img  decoding=\"async\" data-size=\"542x360\" src=\"https:\/\/szkoleniapoplawska.pl\/wp-content\/uploads\/2025\/04\/nici.jpg\"><\/div> <div  class=\"overlay bg-color1\"><\/div> <div  class=\"swap-inner col-xs-12\"> <div  class=\"row full-height-row middle-xs middle-sm\"> <div  class=\"col-xs-12 text-center content-holder\"> <a  href=\"#\" target=\"_self\"><i  class=\"fa icon portfolio-icon fa-search big\" aria-hidden=\"true\"><\/i><\/a><\/div> <\/div><\/div> <\/div><\/div> <div  class=\"col-xs-12 col-sm-3 no-gutter-col\"><div  class=\"contentswap-effect\" data-hover-fx=\"portfolio-4\"> <div  class=\"initial-image\"> <img  decoding=\"async\" data-size=\"542x360\" src=\"https:\/\/szkoleniapoplawska.pl\/wp-content\/uploads\/2025\/04\/iglowa-1.jpg\"><\/div> <div  class=\"overlay bg-color1\"><\/div> <div  class=\"swap-inner col-xs-12\"> <div  class=\"row full-height-row middle-xs middle-sm\"> <div  class=\"col-xs-12 text-center content-holder\"> <a  href=\"#\" target=\"_self\"><i  class=\"fa icon portfolio-icon fa-search big\" aria-hidden=\"true\"><\/i><\/a><\/div> <\/div><\/div> <\/div><\/div> <div  class=\"col-xs-12 col-sm-3 no-gutter-col\"><div  class=\"contentswap-effect\" data-hover-fx=\"portfolio-4\"> <div  class=\"initial-image\"> <img  decoding=\"async\" data-size=\"542x360\" src=\"https:\/\/szkoleniapoplawska.pl\/wp-content\/uploads\/2025\/04\/usta.jpg\"><\/div> <div  class=\"overlay bg-color1\"><\/div> <div  class=\"swap-inner col-xs-12\"> <div  class=\"row full-height-row middle-xs middle-sm\"> <div  class=\"col-xs-12 text-center content-holder\"> <a  href=\"#\" target=\"_self\"><i  class=\"fa icon portfolio-icon fa-search big\" aria-hidden=\"true\"><\/i><\/a><\/div> <\/div><\/div> <\/div><\/div> <\/div><\/div> <\/div><div  id=\"opinie\" style=\"background-color: #ffffff;\" data-label=\"Opinie\" data-id=\"testimonials-5\" data-export-id=\"testimonials-5\" data-category=\"testimonials\" class=\"testimonials-5 content-section content-section-spacing\"><div  class=\"gridContainer\"> <div  class=\"row\"><div  data-type=\"column\" class=\"section-title-col\"> <h2  class=\"\">Opinie klient\u00f3w<\/h2> <p  class=\"lead\">Nie wierz nam na s\u0142owo \u2013 oto, co m\u00f3wi\u0105 nasi klienci:<\/p><\/div> <\/div> <div  class=\"row spaced-cols content-center-sm\" data-type=\"row\"> <div  class=\"col-xs-12 col-sm-6 col-md-4 \"> <div  class=\"card y-move bordered\" data-type=\"column\"> <i  class=\"fa fa-quote-right icon color1 small quotation-icon\"><\/i> <p  class=\"text-center\">Polecam z ca\u0142ego <img  decoding=\"async\" draggable=\"false\" role=\"img\" class=\"emoji\" alt=\"\u2764\ufe0f\" src=\"https:\/\/s.w.org\/images\/core\/emoji\/15.1.0\/svg\/2764.svg\">. Uwielbiam Asie, jest wyj\u0105tkowym szkoleniowcem <img  decoding=\"async\" draggable=\"false\" role=\"img\" class=\"emoji\" alt=\"\ud83d\ude0d\" src=\"https:\/\/s.w.org\/images\/core\/emoji\/15.1.0\/svg\/1f60d.svg\">\n<\/p> <img  decoding=\"async\" src=\"https:\/\/szkoleniapoplawska.pl\/wp-content\/uploads\/2025\/04\/cropped-opinie.jpg\" class=\"round icon\" title=\"cropped-opinie.jpg\" alt=\"\"> <h6  class=\"\"><\/h6> <p  class=\"small italic\">babskie.fanaberie.magdy<\/p><\/div> <\/div>  <div  class=\"col-xs-12 col-sm-6 col-md-4 \"> <div  class=\"card y-move bordered\" data-type=\"column\"> <i  class=\"fa fa-quote-right icon color1 small quotation-icon\"><\/i> <p  class=\"text-center\">Bola\u0142o. Pierwszy raz robi\u0142am usta i mia\u0142am du\u017ce obiekcj\u0119. Ale. .. jestem szcz\u0119\u015bliwa \u017ce si\u0119 zdecydowa\u0142am. B\u00f3l mija a efekt zostaj\u0119 mega \u015bwietny.<\/p> <img  decoding=\"async\" src=\"https:\/\/szkoleniapoplawska.pl\/wp-content\/uploads\/2025\/04\/cropped-estrohme.jpg\" class=\"round icon\" title=\"cropped-estrohme.jpg\" alt=\"\"> <h6  class=\"\"><\/h6> <p  class=\"small italic\">esthodrome<\/p><\/div> <\/div><div  class=\"col-xs-12 col-sm-6 col-md-4\"> <div  class=\"card y-move bordered\" data-type=\"column\"> <i  class=\"fa fa-quote-right icon color1 small quotation-icon\"><\/i> <p  class=\"text-center\">Polecam z ca\u0142ego <img  decoding=\"async\" draggable=\"false\" role=\"img\" class=\"emoji\" alt=\"\u2764\ufe0f\" src=\"https:\/\/s.w.org\/images\/core\/emoji\/15.1.0\/svg\/2764.svg\">. Uwielbiam Asie, jest wyj\u0105tkowym szkoleniowcem <img  decoding=\"async\" draggable=\"false\" role=\"img\" class=\"emoji\" alt=\"\ud83d\ude0d\" src=\"https:\/\/s.w.org\/images\/core\/emoji\/15.1.0\/svg\/1f60d.svg\">\n<\/p> <img  decoding=\"async\" src=\"https:\/\/szkoleniapoplawska.pl\/wp-content\/uploads\/2025\/04\/cropped-opinie.jpg\" class=\"round icon\" title=\"cropped-opinie.jpg\" alt=\"\"> <h6  class=\"\"><\/h6> <p  class=\"small italic\">babskie.fanaberie.magdy<\/p><\/div> <\/div><\/div> <\/div><\/div><div  id=\"cta-1\" data-label=\"Cta\" data-id=\"cta-blue-section\" data-export-id=\"cta-blue-section\" data-category=\"cta\" class=\"cta-blue-section content-section content-section-spacing-medium bg-color1 white-text\"><div  class=\"gridContainer\"> <div  class=\"row middle-xs\"><div  class=\"col-sm-8 space-bottom-xs\" data-type=\"column\"> <h2  class=\"\">Masz pytanie ?&nbsp;&nbsp;<\/h2> <\/div> <div  class=\"col-sm-4 end-sm\" data-type=\"column\"> <a  class=\"button color2\" href=\"#\" target=\"_self\" data-cp-link=\"1\">NAPISZ<\/a><\/div> <\/div><\/div> <\/div>","protected":false},"excerpt":{"rendered":"<p>Nazywam si\u0119 Joanna Pop\u0142awska jestem dyplomowanym kosmetologiem, instruktorem MEN z wieloletnim do\u015bwiadczeniem zawodowym. Studentka WUM na kierunku po\u0142o\u017cnictwo. Zapraszam Ci\u0119 do zapoznania si\u0119 z ofert\u0105 zabieg\u00f3w z zakresu ginekologii estetycznej. Wasze dobre samopoczucie , zdrowie jest dla mnie najwa\u017cniejsze . Zadbaj o siebie ju\u017c dzi\u015b . Przeprowadzam szkolenia z kosmetologii estetycznej z 10 letnim sta\u017cem&hellip; <br \/> <a class=\"read-more\" href=\"https:\/\/szkoleniapoplawska.pl\/\">Dowiedz si\u0119 wi\u0119cej<\/a><\/p>\n","protected":false},"author":1,"featured_media":0,"parent":0,"menu_order":0,"comment_status":"closed","ping_status":"closed","template":"page-templates\/homepage.php","meta":{"footnotes":""},"class_list":["post-7","page","type-page","status-publish","hentry"],"_links":{"self":[{"href":"https:\/\/szkoleniapoplawska.pl\/index.php?rest_route=\/wp\/v2\/pages\/7","targetHints":{"allow":["GET"]}}],"collection":[{"href":"https:\/\/szkoleniapoplawska.pl\/index.php?rest_route=\/wp\/v2\/pages"}],"about":[{"href":"https:\/\/szkoleniapoplawska.pl\/index.php?rest_route=\/wp\/v2\/types\/page"}],"author":[{"embeddable":true,"href":"https:\/\/szkoleniapoplawska.pl\/index.php?rest_route=\/wp\/v2\/users\/1"}],"replies":[{"embeddable":true,"href":"https:\/\/szkoleniapoplawska.pl\/index.php?rest_route=%2Fwp%2Fv2%2Fcomments&post=7"}],"version-history":[{"count":31,"href":"https:\/\/szkoleniapoplawska.pl\/index.php?rest_route=\/wp\/v2\/pages\/7\/revisions"}],"predecessor-version":[{"id":166,"href":"https:\/\/szkoleniapoplawska.pl\/index.php?rest_route=\/wp\/v2\/pages\/7\/revisions\/166"}],"wp:attachment":[{"href":"https:\/\/szkoleniapoplawska.pl\/index.php?rest_route=%2Fwp%2Fv2%2Fmedia&parent=7"}],"curies":[{"name":"wp","href":"https:\/\/api.w.org\/{rel}","templated":true}]}}